{"id":21,"date":"2024-05-04T10:39:27","date_gmt":"2024-05-04T08:39:27","guid":{"rendered":"https:\/\/www.voyage-laponie-explorer.org\/?page_id=21"},"modified":"2024-07-06T08:50:15","modified_gmt":"2024-07-06T06:50:15","slug":"voyage-laponie-finlande-suede-multi-activites-2025-2026-tout-compris-hotel-chalet-prive-laponie-explorer","status":"publish","type":"page","link":"https:\/\/www.voyage-laponie-explorer.org\/index.php\/voyage-laponie-finlande-suede-multi-activites-2025-2026-tout-compris-hotel-chalet-prive-laponie-explorer\/","title":{"rendered":"Voyage Laponie Multi-Activit\u00e9s"},"content":{"rendered":"\n<figure class=\"wp-block-image size-large\"><img loading=\"lazy\" decoding=\"async\" width=\"1024\" height=\"639\" src=\"http:\/\/www.voyage-laponie-explorer.org\/wp-content\/uploads\/2024\/07\/voyage-laponie-finlande-suede-multi-activites-2025-2026-tout-compris-hotel-chalet-prive-laponie-explorer-1024x639.jpg\" alt=\"voyage Laponie Finlande Su\u00e8de multi-activit\u00e9s 2025 2026 tout compris hotel chalet prive Laponie Explorer\" class=\"wp-image-92\" srcset=\"https:\/\/www.voyage-laponie-explorer.org\/wp-content\/uploads\/2024\/07\/voyage-laponie-finlande-suede-multi-activites-2025-2026-tout-compris-hotel-chalet-prive-laponie-explorer-1024x639.jpg 1024w, https:\/\/www.voyage-laponie-explorer.org\/wp-content\/uploads\/2024\/07\/voyage-laponie-finlande-suede-multi-activites-2025-2026-tout-compris-hotel-chalet-prive-laponie-explorer-300x187.jpg 300w, https:\/\/www.voyage-laponie-explorer.org\/wp-content\/uploads\/2024\/07\/voyage-laponie-finlande-suede-multi-activites-2025-2026-tout-compris-hotel-chalet-prive-laponie-explorer-768x480.jpg 768w, https:\/\/www.voyage-laponie-explorer.org\/wp-content\/uploads\/2024\/07\/voyage-laponie-finlande-suede-multi-activites-2025-2026-tout-compris-hotel-chalet-prive-laponie-explorer.jpg 1198w\" sizes=\"auto, (max-width: 1024px) 100vw, 1024px\" \/><figcaption class=\"wp-element-caption\">voyage Laponie Finlande Su\u00e8de multi-activit\u00e9s 2025 2026 tout compris hotel chalet prive Laponie Explorer<\/figcaption><\/figure>\n\n\n\n<p>Nos voyages Laponie Multi-Activit\u00e9s comprennent :<br>&#8211; La ferme de Rennes, Rencontre avec les \u00e9leveurs, d\u00e9couverte de la culture Lapone<br>&#8211; Excursion en Traineau de Rennes<br>\u2013 La ferme de Chiens Huskies, <br>&#8211; Excursion en Traineau de Chiens Huskies<br>\u2013 Safari en Motoneige<br>&#8211; Versions 4, 5, 6 ou 7 jours<br>&#8211; Formule tout compris<br><\/p>\n\n\n\n<p><\/p>\n\n\n\n<p><\/p>\n\n\n\n<p><\/p>\n\n\n\n<p>D\u00e9couvrez nos autres voyages en Laponie, Finlande, Su\u00e8de, Norv\u00e8ge et Islande :<br>\u2013\u00a0<a href=\"http:\/\/www.voyage-laponie-explorer.org\/index.php\/voyage-laponie-finlande-suede-multi-activites-2025-2026-tout-compris-hotel-chalet-prive-laponie-explorer\/\">Voyages Laponie Multi-Activit\u00e9s<\/a><br>\u2013\u00a0<a href=\"http:\/\/www.voyage-laponie-explorer.org\/index.php\/voyages-sejours-laponie-finlande-suede-multi-activites-2025-2026-tout-compris-laponie-explorer\/\">Voyages Laponie Multi-Activit\u00e9s niveau Explorer<\/a><br>\u2013\u00a0<a href=\"https:\/\/www.voyage-laponie-explorer.org\/index.php\/voyage-laponie-safari-motoneige-2025-2026-tout-compris-voyage-laponie-explorer\/\">Voyages Laponie Safari Motoneige<\/a><br>\u2013\u00a0<a href=\"https:\/\/www.voyage-laponie-explorer.org\/index.php\/voyage-laponie-raid-motoneige-2025-2026-tout-compris-voyages-sejours-finlande-suede-laponie-explorer\/\">Voyage Laponie Raid Motoneige<\/a><\/p>\n\n\n\n<p>Pr\u00e9parer et organiser votre prochain voyage en Laponie avec nous&nbsp;<strong>Laponie Explorer<\/strong><br>Contactez nous !<\/p>\n","protected":false},"excerpt":{"rendered":"<p>Nos voyages Laponie Multi-Activit\u00e9s comprennent :&#8211; La ferme de Rennes, Rencontre avec les \u00e9leveurs, d\u00e9couverte de la culture Lapone&#8211; Excursion en Traineau de Rennes\u2013 La ferme de Chiens Huskies, &#8211; Excursion en Traineau de Chiens Huskies\u2013 Safari en Motoneige&#8211; Versions 4, 5, 6 ou 7 jours&#8211; Formule tout compris D\u00e9couvrez nos autres voyages en Laponie,&#8230;<\/p>\n","protected":false},"author":1,"featured_media":0,"parent":0,"menu_order":0,"comment_status":"closed","ping_status":"closed","template":"","meta":{"_kad_post_transparent":"","_kad_post_title":"","_kad_post_layout":"","_kad_post_sidebar_id":"","_kad_post_content_style":"","_kad_post_vertical_padding":"","_kad_post_feature":"","_kad_post_feature_position":"","_kad_post_header":false,"_kad_post_footer":false,"footnotes":""},"class_list":["post-21","page","type-page","status-publish","hentry"],"yoast_head":"<!-- This site is optimized with the Yoast SEO plugin v22.6 - https:\/\/yoast.com\/wordpress\/plugins\/seo\/ -->\n<title>Voyage Laponie Finlande Su\u00e8de 2025 2026 tout compris Hotel ou Chalet Priv\u00e9<\/title>\n<meta name=\"description\" content=\"Voyage Laponie Finlande Su\u00e8de 2025 2026 tout compris Hotel ou Chalet Priv\u00e9, voyages Laponie Multi-Activit\u00e9s 2025 2026 tout compris Hotel ou Chalet Priv\u00e9, Laponie Explorer, Nos voyages s\u00e9jours Laponie Multi-Activit\u00e9s 2025 2026 : La ferme de Rennes, Rencontre avec les \u00e9leveurs, d\u00e9couverte de la culture Lapone- Excursion en Traineau de Rennes, La ferme de Chiens Huskies, Excursion en Traineau de Chiens Huskies, Safari en Motoneige, Versions 4, 5, 6 ou 7 jours- Formule tout compris - Laponie Exclusive\" \/>\n<meta name=\"robots\" content=\"index, follow, max-snippet:-1, max-image-preview:large, max-video-preview:-1\" \/>\n<link rel=\"canonical\" href=\"https:\/\/www.voyage-laponie-explorer.org\/index.php\/voyage-laponie-finlande-suede-multi-activites-2025-2026-tout-compris-hotel-chalet-prive-laponie-explorer\/\" \/>\n<meta property=\"og:locale\" content=\"fr_FR\" \/>\n<meta property=\"og:type\" content=\"article\" \/>\n<meta property=\"og:title\" content=\"Voyage Laponie Finlande Su\u00e8de 2025 2026 tout compris Hotel ou Chalet Priv\u00e9\" \/>\n<meta property=\"og:description\" content=\"Voyage Laponie Finlande Su\u00e8de 2025 2026 tout compris Hotel ou Chalet Priv\u00e9, voyages Laponie Multi-Activit\u00e9s 2025 2026 tout compris Hotel ou Chalet Priv\u00e9, Laponie Explorer, Nos voyages s\u00e9jours Laponie Multi-Activit\u00e9s 2025 2026 : La ferme de Rennes, Rencontre avec les \u00e9leveurs, d\u00e9couverte de la culture Lapone- Excursion en Traineau de Rennes, La ferme de Chiens Huskies, Excursion en Traineau de Chiens Huskies, Safari en Motoneige, Versions 4, 5, 6 ou 7 jours- Formule tout compris - Laponie Exclusive\" \/>\n<meta property=\"og:url\" content=\"https:\/\/www.voyage-laponie-explorer.org\/index.php\/voyage-laponie-finlande-suede-multi-activites-2025-2026-tout-compris-hotel-chalet-prive-laponie-explorer\/\" \/>\n<meta property=\"og:site_name\" content=\"Laponie Explorer\" \/>\n<meta property=\"article:modified_time\" content=\"2024-07-06T06:50:15+00:00\" \/>\n<meta property=\"og:image\" content=\"http:\/\/www.voyage-laponie-explorer.org\/wp-content\/uploads\/2024\/07\/voyage-laponie-finlande-suede-multi-activites-2025-2026-tout-compris-hotel-chalet-prive-laponie-explorer-1024x639.jpg\" \/>\n<meta name=\"twitter:card\" content=\"summary_large_image\" \/>\n<meta name=\"twitter:label1\" content=\"Dur\u00e9e de lecture estim\u00e9e\" \/>\n\t<meta name=\"twitter:data1\" content=\"1 minute\" \/>\n<script type=\"application\/ld+json\" class=\"yoast-schema-graph\">{\"@context\":\"https:\/\/schema.org\",\"@graph\":[{\"@type\":\"WebPage\",\"@id\":\"https:\/\/www.voyage-laponie-explorer.org\/index.php\/voyage-laponie-finlande-suede-multi-activites-2025-2026-tout-compris-hotel-chalet-prive-laponie-explorer\/\",\"url\":\"https:\/\/www.voyage-laponie-explorer.org\/index.php\/voyage-laponie-finlande-suede-multi-activites-2025-2026-tout-compris-hotel-chalet-prive-laponie-explorer\/\",\"name\":\"Voyage Laponie Finlande Su\u00e8de 2025 2026 tout compris Hotel ou Chalet Priv\u00e9\",\"isPartOf\":{\"@id\":\"https:\/\/www.voyage-laponie-explorer.org\/#website\"},\"primaryImageOfPage\":{\"@id\":\"https:\/\/www.voyage-laponie-explorer.org\/index.php\/voyage-laponie-finlande-suede-multi-activites-2025-2026-tout-compris-hotel-chalet-prive-laponie-explorer\/#primaryimage\"},\"image\":{\"@id\":\"https:\/\/www.voyage-laponie-explorer.org\/index.php\/voyage-laponie-finlande-suede-multi-activites-2025-2026-tout-compris-hotel-chalet-prive-laponie-explorer\/#primaryimage\"},\"thumbnailUrl\":\"http:\/\/www.voyage-laponie-explorer.org\/wp-content\/uploads\/2024\/07\/voyage-laponie-finlande-suede-multi-activites-2025-2026-tout-compris-hotel-chalet-prive-laponie-explorer-1024x639.jpg\",\"datePublished\":\"2024-05-04T08:39:27+00:00\",\"dateModified\":\"2024-07-06T06:50:15+00:00\",\"description\":\"Voyage Laponie Finlande Su\u00e8de 2025 2026 tout compris Hotel ou Chalet Priv\u00e9, voyages Laponie Multi-Activit\u00e9s 2025 2026 tout compris Hotel ou Chalet Priv\u00e9, Laponie Explorer, Nos voyages s\u00e9jours Laponie Multi-Activit\u00e9s 2025 2026 : La ferme de Rennes, Rencontre avec les \u00e9leveurs, d\u00e9couverte de la culture Lapone- Excursion en Traineau de Rennes, La ferme de Chiens Huskies, Excursion en Traineau de Chiens Huskies, Safari en Motoneige, Versions 4, 5, 6 ou 7 jours- Formule tout compris - Laponie Exclusive\",\"breadcrumb\":{\"@id\":\"https:\/\/www.voyage-laponie-explorer.org\/index.php\/voyage-laponie-finlande-suede-multi-activites-2025-2026-tout-compris-hotel-chalet-prive-laponie-explorer\/#breadcrumb\"},\"inLanguage\":\"fr-FR\",\"potentialAction\":[{\"@type\":\"ReadAction\",\"target\":[\"https:\/\/www.voyage-laponie-explorer.org\/index.php\/voyage-laponie-finlande-suede-multi-activites-2025-2026-tout-compris-hotel-chalet-prive-laponie-explorer\/\"]}]},{\"@type\":\"ImageObject\",\"inLanguage\":\"fr-FR\",\"@id\":\"https:\/\/www.voyage-laponie-explorer.org\/index.php\/voyage-laponie-finlande-suede-multi-activites-2025-2026-tout-compris-hotel-chalet-prive-laponie-explorer\/#primaryimage\",\"url\":\"https:\/\/www.voyage-laponie-explorer.org\/wp-content\/uploads\/2024\/07\/voyage-laponie-finlande-suede-multi-activites-2025-2026-tout-compris-hotel-chalet-prive-laponie-explorer.jpg\",\"contentUrl\":\"https:\/\/www.voyage-laponie-explorer.org\/wp-content\/uploads\/2024\/07\/voyage-laponie-finlande-suede-multi-activites-2025-2026-tout-compris-hotel-chalet-prive-laponie-explorer.jpg\",\"width\":1198,\"height\":748,\"caption\":\"voyage Laponie Finlande Su\u00e8de multi-activit\u00e9s 2025 2026 tout compris hotel chalet prive Laponie Explorer\"},{\"@type\":\"BreadcrumbList\",\"@id\":\"https:\/\/www.voyage-laponie-explorer.org\/index.php\/voyage-laponie-finlande-suede-multi-activites-2025-2026-tout-compris-hotel-chalet-prive-laponie-explorer\/#breadcrumb\",\"itemListElement\":[{\"@type\":\"ListItem\",\"position\":1,\"name\":\"Accueil\",\"item\":\"https:\/\/www.voyage-laponie-explorer.org\/\"},{\"@type\":\"ListItem\",\"position\":2,\"name\":\"Voyage Laponie Multi-Activit\u00e9s\"}]},{\"@type\":\"WebSite\",\"@id\":\"https:\/\/www.voyage-laponie-explorer.org\/#website\",\"url\":\"https:\/\/www.voyage-laponie-explorer.org\/\",\"name\":\"Laponie Explorer\",\"description\":\"Laponie finlandaise et su\u00e9doise\",\"potentialAction\":[{\"@type\":\"SearchAction\",\"target\":{\"@type\":\"EntryPoint\",\"urlTemplate\":\"https:\/\/www.voyage-laponie-explorer.org\/?s={search_term_string}\"},\"query-input\":\"required name=search_term_string\"}],\"inLanguage\":\"fr-FR\"}]}<\/script>\n<!-- \/ Yoast SEO plugin. -->","yoast_head_json":{"title":"Voyage Laponie Finlande Su\u00e8de 2025 2026 tout compris Hotel ou Chalet Priv\u00e9","description":"Voyage Laponie Finlande Su\u00e8de 2025 2026 tout compris Hotel ou Chalet Priv\u00e9, voyages Laponie Multi-Activit\u00e9s 2025 2026 tout compris Hotel ou Chalet Priv\u00e9, Laponie Explorer, Nos voyages s\u00e9jours Laponie Multi-Activit\u00e9s 2025 2026 : La ferme de Rennes, Rencontre avec les \u00e9leveurs, d\u00e9couverte de la culture Lapone- Excursion en Traineau de Rennes, La ferme de Chiens Huskies, Excursion en Traineau de Chiens Huskies, Safari en Motoneige, Versions 4, 5, 6 ou 7 jours- Formule tout compris - Laponie Exclusive","robots":{"index":"index","follow":"follow","max-snippet":"max-snippet:-1","max-image-preview":"max-image-preview:large","max-video-preview":"max-video-preview:-1"},"canonical":"https:\/\/www.voyage-laponie-explorer.org\/index.php\/voyage-laponie-finlande-suede-multi-activites-2025-2026-tout-compris-hotel-chalet-prive-laponie-explorer\/","og_locale":"fr_FR","og_type":"article","og_title":"Voyage Laponie Finlande Su\u00e8de 2025 2026 tout compris Hotel ou Chalet Priv\u00e9","og_description":"Voyage Laponie Finlande Su\u00e8de 2025 2026 tout compris Hotel ou Chalet Priv\u00e9, voyages Laponie Multi-Activit\u00e9s 2025 2026 tout compris Hotel ou Chalet Priv\u00e9, Laponie Explorer, Nos voyages s\u00e9jours Laponie Multi-Activit\u00e9s 2025 2026 : La ferme de Rennes, Rencontre avec les \u00e9leveurs, d\u00e9couverte de la culture Lapone- Excursion en Traineau de Rennes, La ferme de Chiens Huskies, Excursion en Traineau de Chiens Huskies, Safari en Motoneige, Versions 4, 5, 6 ou 7 jours- Formule tout compris - Laponie Exclusive","og_url":"https:\/\/www.voyage-laponie-explorer.org\/index.php\/voyage-laponie-finlande-suede-multi-activites-2025-2026-tout-compris-hotel-chalet-prive-laponie-explorer\/","og_site_name":"Laponie Explorer","article_modified_time":"2024-07-06T06:50:15+00:00","og_image":[{"url":"http:\/\/www.voyage-laponie-explorer.org\/wp-content\/uploads\/2024\/07\/voyage-laponie-finlande-suede-multi-activites-2025-2026-tout-compris-hotel-chalet-prive-laponie-explorer-1024x639.jpg"}],"twitter_card":"summary_large_image","twitter_misc":{"Dur\u00e9e de lecture estim\u00e9e":"1 minute"},"schema":{"@context":"https:\/\/schema.org","@graph":[{"@type":"WebPage","@id":"https:\/\/www.voyage-laponie-explorer.org\/index.php\/voyage-laponie-finlande-suede-multi-activites-2025-2026-tout-compris-hotel-chalet-prive-laponie-explorer\/","url":"https:\/\/www.voyage-laponie-explorer.org\/index.php\/voyage-laponie-finlande-suede-multi-activites-2025-2026-tout-compris-hotel-chalet-prive-laponie-explorer\/","name":"Voyage Laponie Finlande Su\u00e8de 2025 2026 tout compris Hotel ou Chalet Priv\u00e9","isPartOf":{"@id":"https:\/\/www.voyage-laponie-explorer.org\/#website"},"primaryImageOfPage":{"@id":"https:\/\/www.voyage-laponie-explorer.org\/index.php\/voyage-laponie-finlande-suede-multi-activites-2025-2026-tout-compris-hotel-chalet-prive-laponie-explorer\/#primaryimage"},"image":{"@id":"https:\/\/www.voyage-laponie-explorer.org\/index.php\/voyage-laponie-finlande-suede-multi-activites-2025-2026-tout-compris-hotel-chalet-prive-laponie-explorer\/#primaryimage"},"thumbnailUrl":"http:\/\/www.voyage-laponie-explorer.org\/wp-content\/uploads\/2024\/07\/voyage-laponie-finlande-suede-multi-activites-2025-2026-tout-compris-hotel-chalet-prive-laponie-explorer-1024x639.jpg","datePublished":"2024-05-04T08:39:27+00:00","dateModified":"2024-07-06T06:50:15+00:00","description":"Voyage Laponie Finlande Su\u00e8de 2025 2026 tout compris Hotel ou Chalet Priv\u00e9, voyages Laponie Multi-Activit\u00e9s 2025 2026 tout compris Hotel ou Chalet Priv\u00e9, Laponie Explorer, Nos voyages s\u00e9jours Laponie Multi-Activit\u00e9s 2025 2026 : La ferme de Rennes, Rencontre avec les \u00e9leveurs, d\u00e9couverte de la culture Lapone- Excursion en Traineau de Rennes, La ferme de Chiens Huskies, Excursion en Traineau de Chiens Huskies, Safari en Motoneige, Versions 4, 5, 6 ou 7 jours- Formule tout compris - Laponie Exclusive","breadcrumb":{"@id":"https:\/\/www.voyage-laponie-explorer.org\/index.php\/voyage-laponie-finlande-suede-multi-activites-2025-2026-tout-compris-hotel-chalet-prive-laponie-explorer\/#breadcrumb"},"inLanguage":"fr-FR","potentialAction":[{"@type":"ReadAction","target":["https:\/\/www.voyage-laponie-explorer.org\/index.php\/voyage-laponie-finlande-suede-multi-activites-2025-2026-tout-compris-hotel-chalet-prive-laponie-explorer\/"]}]},{"@type":"ImageObject","inLanguage":"fr-FR","@id":"https:\/\/www.voyage-laponie-explorer.org\/index.php\/voyage-laponie-finlande-suede-multi-activites-2025-2026-tout-compris-hotel-chalet-prive-laponie-explorer\/#primaryimage","url":"https:\/\/www.voyage-laponie-explorer.org\/wp-content\/uploads\/2024\/07\/voyage-laponie-finlande-suede-multi-activites-2025-2026-tout-compris-hotel-chalet-prive-laponie-explorer.jpg","contentUrl":"https:\/\/www.voyage-laponie-explorer.org\/wp-content\/uploads\/2024\/07\/voyage-laponie-finlande-suede-multi-activites-2025-2026-tout-compris-hotel-chalet-prive-laponie-explorer.jpg","width":1198,"height":748,"caption":"voyage Laponie Finlande Su\u00e8de multi-activit\u00e9s 2025 2026 tout compris hotel chalet prive Laponie Explorer"},{"@type":"BreadcrumbList","@id":"https:\/\/www.voyage-laponie-explorer.org\/index.php\/voyage-laponie-finlande-suede-multi-activites-2025-2026-tout-compris-hotel-chalet-prive-laponie-explorer\/#breadcrumb","itemListElement":[{"@type":"ListItem","position":1,"name":"Accueil","item":"https:\/\/www.voyage-laponie-explorer.org\/"},{"@type":"ListItem","position":2,"name":"Voyage Laponie Multi-Activit\u00e9s"}]},{"@type":"WebSite","@id":"https:\/\/www.voyage-laponie-explorer.org\/#website","url":"https:\/\/www.voyage-laponie-explorer.org\/","name":"Laponie Explorer","description":"Laponie finlandaise et su\u00e9doise","potentialAction":[{"@type":"SearchAction","target":{"@type":"EntryPoint","urlTemplate":"https:\/\/www.voyage-laponie-explorer.org\/?s={search_term_string}"},"query-input":"required name=search_term_string"}],"inLanguage":"fr-FR"}]}},"_links":{"self":[{"href":"https:\/\/www.voyage-laponie-explorer.org\/index.php\/wp-json\/wp\/v2\/pages\/21","targetHints":{"allow":["GET"]}}],"collection":[{"href":"https:\/\/www.voyage-laponie-explorer.org\/index.php\/wp-json\/wp\/v2\/pages"}],"about":[{"href":"https:\/\/www.voyage-laponie-explorer.org\/index.php\/wp-json\/wp\/v2\/types\/page"}],"author":[{"embeddable":true,"href":"https:\/\/www.voyage-laponie-explorer.org\/index.php\/wp-json\/wp\/v2\/users\/1"}],"replies":[{"embeddable":true,"href":"https:\/\/www.voyage-laponie-explorer.org\/index.php\/wp-json\/wp\/v2\/comments?post=21"}],"version-history":[{"count":7,"href":"https:\/\/www.voyage-laponie-explorer.org\/index.php\/wp-json\/wp\/v2\/pages\/21\/revisions"}],"predecessor-version":[{"id":102,"href":"https:\/\/www.voyage-laponie-explorer.org\/index.php\/wp-json\/wp\/v2\/pages\/21\/revisions\/102"}],"wp:attachment":[{"href":"https:\/\/www.voyage-laponie-explorer.org\/index.php\/wp-json\/wp\/v2\/media?parent=21"}],"curies":[{"name":"wp","href":"https:\/\/api.w.org\/{rel}","templated":true}]}}