{"id":29,"date":"2024-05-04T19:11:30","date_gmt":"2024-05-04T17:11:30","guid":{"rendered":"https:\/\/www.voyage-laponie-explorer.org\/?page_id=29"},"modified":"2024-07-06T08:50:57","modified_gmt":"2024-07-06T06:50:57","slug":"voyage-laponie-safari-motoneige-2025-2026-tout-compris-voyage-laponie-explorer","status":"publish","type":"page","link":"https:\/\/www.voyage-laponie-explorer.org\/index.php\/voyage-laponie-safari-motoneige-2025-2026-tout-compris-voyage-laponie-explorer\/","title":{"rendered":"Voyage Laponie Safari Motoneige"},"content":{"rendered":"\n<figure class=\"wp-block-image size-large\"><img loading=\"lazy\" decoding=\"async\" width=\"1024\" height=\"576\" src=\"https:\/\/www.voyage-laponie-explorer.org\/wp-content\/uploads\/2024\/05\/voyage-laponie-safari-motoneige-2025-2026-tout-compris-voyage-laponie-explorer-1024x576.jpg\" alt=\"\" class=\"wp-image-30\" srcset=\"https:\/\/www.voyage-laponie-explorer.org\/wp-content\/uploads\/2024\/05\/voyage-laponie-safari-motoneige-2025-2026-tout-compris-voyage-laponie-explorer-1024x576.jpg 1024w, https:\/\/www.voyage-laponie-explorer.org\/wp-content\/uploads\/2024\/05\/voyage-laponie-safari-motoneige-2025-2026-tout-compris-voyage-laponie-explorer-300x169.jpg 300w, https:\/\/www.voyage-laponie-explorer.org\/wp-content\/uploads\/2024\/05\/voyage-laponie-safari-motoneige-2025-2026-tout-compris-voyage-laponie-explorer-768x432.jpg 768w, https:\/\/www.voyage-laponie-explorer.org\/wp-content\/uploads\/2024\/05\/voyage-laponie-safari-motoneige-2025-2026-tout-compris-voyage-laponie-explorer.jpg 1200w\" sizes=\"auto, (max-width: 1024px) 100vw, 1024px\" \/><figcaption class=\"wp-element-caption\">voyage Laponie safari motoneige 2025 2026 tout compris avec voyage Laponie Explorer<\/figcaption><\/figure>\n\n\n\n<p>JOUR 1<br>Vol Paris &#8211; Laponie<br>Accueil \u00e0 l&rsquo;a\u00e9roport par votre guide Laponie Explorer. Transfert et installation \u00e0 l&rsquo;auberge. Premier soir, d\u00eener \u00e0 l&rsquo;auberge et rencontre avec les guides.<br>H\u00e9bergement : \u00c9colodge<br>JOUR 2<br>Conduite d&rsquo;attelage de chiens de tra\u00eeneau (2 personnes par<br>attelage)<br>Premi\u00e8re rencontre : nos mushers vous pr\u00e9sentent votre attelage. Avec un<br>attelage pour deux, vous alternez la conduite au cours de la journ\u00e9e.<br>Premi\u00e8re initiation et essais sur lac, et en fin de matin\u00e9e, vous \u00eates pr\u00eats \u00e0<br>partir en chien de tra\u00eeneau \u00e0 travers lacs et pistes foresti\u00e8res. Pique-nique<br>autour d&rsquo;un feu de camp en pleine nature et retour en fin d&rsquo;apr\u00e8s-midi \u00e0<br>l&rsquo;auberge.<br>H\u00e9bergement : \u00c9colodge Tra\u00eeneau : 5 h<br>JOUR 3<br>Safari Motoneige n\u00b01 (2 personnes par motoneige) 5h<br>\u00c0 deux par motoneige, votre guide vous emm\u00e8ne loin de toute civilisation<br>pour un cocktail de libert\u00e9 et de sensations. Le parcours ne pr\u00e9sente pas de<br>difficult\u00e9 technique et vous alternez la conduite. D\u00e9jeuner en fireplace ; au<br>menu : grillade et soupe lapone revigorante. La location de la motoneige se<br>fait sur pr\u00e9sentation de l&rsquo;original du permis de conduire.<br>H\u00e9bergement : \u00c9colodge Activit\u00e9 : 5 h<br>JOUR 4<br>Safari Motoneige n\u00b02 (2 personnes par motoneige) 5h<br>\u00c0 deux par motoneige, votre guide vous emm\u00e8ne loin de toute civilisation<br>pour un cocktail de libert\u00e9 et de sensations. Le parcours ne pr\u00e9sente pas de<br>difficult\u00e9 technique et vous alternez la conduite. D\u00e9jeuner en fireplace ; au<br>menu : grillade et soupe lapone revigorante. La location de la motoneige se<br>fait sur pr\u00e9sentation de l&rsquo;original du permis de conduire.<br>H\u00e9bergement : \u00c9colodge Activit\u00e9 : 5 h<br>JOUR 5<br>Journ\u00e9e trappeur \/ survie en for\u00eat<br>Lors de cette journ\u00e9e, vous partez \u00e0 la d\u00e9couverte du mode de vie des<br>trappeurs et vous posez un regard naturaliste sur l&rsquo;environnement qui vous<br>entoure. D\u00e9couvrez les techniques de survie indispensables \u00e0 tout explorateur<br>polaire : votre guide vous racontera comment les trappeurs pistaient les<br>animaux et posaient les pi\u00e8ges, il vous initiera aux techniques de survie<br>(anciennes ou modernes!) et, si les conditions m\u00e9t\u00e9orologiques le permettent,<br>vous apprendrez \u00e0 construire un igloo (ou un autre abri de survie). Une<br>initiation \u00e0 la p\u00eache sur glace vous sera propos\u00e9e. Vous visitez \u00e9galement le<br>chenil, l&rsquo;occasion de passer un peu de temps avec vos fid\u00e8les compagnons !<br>H\u00e9bergement : \u00c9colodge Activit\u00e9 : 5 h<br>JOUR 6<br>Safari Motoneige n\u00b03 (2 personnes par motoneige) 5h<br>\u00c0 deux par motoneige, votre guide vous emm\u00e8ne loin de toute civilisation<br>pour un cocktail de libert\u00e9 et de sensations. Le parcours ne pr\u00e9sente pas de<br>difficult\u00e9 technique et vous alternez la conduite. D\u00e9jeuner en fireplace ; au<br>menu : grillade et soupe lapone revigorante. La location de la motoneige se<br>fait sur pr\u00e9sentation de l&rsquo;original du permis de conduire.<br>H\u00e9bergement : \u00c9colodge Activit\u00e9 : 5 h<br>JOUR 7<br>Journ\u00e9e libre<br>Apr\u00e8s ces belles journ\u00e9es d\u2019activit\u00e9s, vous pourrez profiter librement de votre<br>journ\u00e9e au camp (d\u00e9tente, sauna, location de skis de fond ou raquettes, etc..).<br>Possibilit\u00e9 \u00e9galement en option de participer \u00e0 une activit\u00e9 encadr\u00e9e si vous<br>souhaitez refaire du chien de tra\u00eeneau ou de la motoneige (sous r\u00e9serve de<br>disponibilit\u00e9).<br>Le soir vous d\u00e9gustez un repas traditionnel des \u00e9leveurs : le Karestus, ou saut\u00e9<br>de renne aux airelles.<br>H\u00e9bergement : \u00c9colodge<br>JOUR 8<br>Vol Laponie &#8211; Paris<br>Selon les horaires de vols, petit d\u00e9jeuner matinal puis transfert vers l\u2019a\u00e9roport<br>et envol pour la France ; ou petit d\u00e9jeuner et temps libre sur la<br>base transfert vers l\u2019a\u00e9roport en tout d\u00e9but d\u2019apr\u00e8s<br>midi et envol pour la France.<\/p>\n\n\n\n<p><\/p>\n\n\n\n<p>D\u00e9couvrez nos autres voyages en Laponie, Finlande, Su\u00e8de, Norv\u00e8ge et Islande :<br>\u2013\u00a0<a href=\"http:\/\/www.voyage-laponie-explorer.org\/index.php\/voyage-laponie-finlande-suede-multi-activites-2025-2026-tout-compris-hotel-chalet-prive-laponie-explorer\/\">Voyages Laponie Multi-Activit\u00e9s<\/a><br>\u2013\u00a0<a href=\"http:\/\/www.voyage-laponie-explorer.org\/index.php\/voyages-sejours-laponie-finlande-suede-multi-activites-2025-2026-tout-compris-laponie-explorer\/\">Voyages Laponie Multi-Activit\u00e9s niveau Explorer<\/a><br>\u2013\u00a0<a href=\"https:\/\/www.voyage-laponie-explorer.org\/index.php\/voyage-laponie-safari-motoneige-2025-2026-tout-compris-voyage-laponie-explorer\/\">Voyages Laponie Safari Motoneige<\/a><br>\u2013\u00a0<a href=\"https:\/\/www.voyage-laponie-explorer.org\/index.php\/voyage-laponie-raid-motoneige-2025-2026-tout-compris-voyages-sejours-finlande-suede-laponie-explorer\/\">Voyage Laponie Raid Motoneige<\/a><\/p>\n\n\n\n<p>Pr\u00e9parer et organiser votre prochain voyage en Laponie avec nous&nbsp;<strong>Laponie Explorer<\/strong><br>Contactez nous !<\/p>\n","protected":false},"excerpt":{"rendered":"<p>JOUR 1Vol Paris &#8211; LaponieAccueil \u00e0 l&rsquo;a\u00e9roport par votre guide Laponie Explorer. Transfert et installation \u00e0 l&rsquo;auberge. Premier soir, d\u00eener \u00e0 l&rsquo;auberge et rencontre avec les guides.H\u00e9bergement : \u00c9colodgeJOUR 2Conduite d&rsquo;attelage de chiens de tra\u00eeneau (2 personnes parattelage)Premi\u00e8re rencontre : nos mushers vous pr\u00e9sentent votre attelage. Avec unattelage pour deux, vous alternez la conduite au&#8230;<\/p>\n","protected":false},"author":1,"featured_media":0,"parent":0,"menu_order":0,"comment_status":"closed","ping_status":"closed","template":"","meta":{"_kad_post_transparent":"","_kad_post_title":"","_kad_post_layout":"","_kad_post_sidebar_id":"","_kad_post_content_style":"","_kad_post_vertical_padding":"","_kad_post_feature":"","_kad_post_feature_position":"","_kad_post_header":false,"_kad_post_footer":false,"footnotes":""},"class_list":["post-29","page","type-page","status-publish","hentry"],"yoast_head":"<!-- This site is optimized with the Yoast SEO plugin v22.6 - https:\/\/yoast.com\/wordpress\/plugins\/seo\/ -->\n<title>voyage Laponie safari motoneige 2025 2026 tout compris voyage Laponie Explorer<\/title>\n<meta name=\"description\" content=\"voyage Laponie safari motoneige 2025 2026 tout compris voyage Laponie Explorer, Laponie Finlande, Laponie finlandaise su\u00e9doise, voyages s\u00e9jours safari motoneige 2025 2026 tout compris voyage Laponie Explorer\" \/>\n<meta name=\"robots\" content=\"index, follow, max-snippet:-1, max-image-preview:large, max-video-preview:-1\" \/>\n<link rel=\"canonical\" href=\"https:\/\/www.voyage-laponie-explorer.org\/index.php\/voyage-laponie-safari-motoneige-2025-2026-tout-compris-voyage-laponie-explorer\/\" \/>\n<meta property=\"og:locale\" content=\"fr_FR\" \/>\n<meta property=\"og:type\" content=\"article\" \/>\n<meta property=\"og:title\" content=\"voyage Laponie safari motoneige 2025 2026 tout compris voyage Laponie Explorer\" \/>\n<meta property=\"og:description\" content=\"voyage Laponie safari motoneige 2025 2026 tout compris voyage Laponie Explorer, Laponie Finlande, Laponie finlandaise su\u00e9doise, voyages s\u00e9jours safari motoneige 2025 2026 tout compris voyage Laponie Explorer\" \/>\n<meta property=\"og:url\" content=\"https:\/\/www.voyage-laponie-explorer.org\/index.php\/voyage-laponie-safari-motoneige-2025-2026-tout-compris-voyage-laponie-explorer\/\" \/>\n<meta property=\"og:site_name\" content=\"Laponie Explorer\" \/>\n<meta property=\"article:modified_time\" content=\"2024-07-06T06:50:57+00:00\" \/>\n<meta property=\"og:image\" content=\"https:\/\/www.voyage-laponie-explorer.org\/wp-content\/uploads\/2024\/05\/voyage-laponie-safari-motoneige-2025-2026-tout-compris-voyage-laponie-explorer-1024x576.jpg\" \/>\n<meta name=\"twitter:card\" content=\"summary_large_image\" \/>\n<meta name=\"twitter:label1\" content=\"Dur\u00e9e de lecture estim\u00e9e\" \/>\n\t<meta name=\"twitter:data1\" content=\"4 minutes\" \/>\n<script type=\"application\/ld+json\" class=\"yoast-schema-graph\">{\"@context\":\"https:\/\/schema.org\",\"@graph\":[{\"@type\":\"WebPage\",\"@id\":\"https:\/\/www.voyage-laponie-explorer.org\/index.php\/voyage-laponie-safari-motoneige-2025-2026-tout-compris-voyage-laponie-explorer\/\",\"url\":\"https:\/\/www.voyage-laponie-explorer.org\/index.php\/voyage-laponie-safari-motoneige-2025-2026-tout-compris-voyage-laponie-explorer\/\",\"name\":\"voyage Laponie safari motoneige 2025 2026 tout compris voyage Laponie Explorer\",\"isPartOf\":{\"@id\":\"https:\/\/www.voyage-laponie-explorer.org\/#website\"},\"primaryImageOfPage\":{\"@id\":\"https:\/\/www.voyage-laponie-explorer.org\/index.php\/voyage-laponie-safari-motoneige-2025-2026-tout-compris-voyage-laponie-explorer\/#primaryimage\"},\"image\":{\"@id\":\"https:\/\/www.voyage-laponie-explorer.org\/index.php\/voyage-laponie-safari-motoneige-2025-2026-tout-compris-voyage-laponie-explorer\/#primaryimage\"},\"thumbnailUrl\":\"https:\/\/www.voyage-laponie-explorer.org\/wp-content\/uploads\/2024\/05\/voyage-laponie-safari-motoneige-2025-2026-tout-compris-voyage-laponie-explorer-1024x576.jpg\",\"datePublished\":\"2024-05-04T17:11:30+00:00\",\"dateModified\":\"2024-07-06T06:50:57+00:00\",\"description\":\"voyage Laponie safari motoneige 2025 2026 tout compris voyage Laponie Explorer, Laponie Finlande, Laponie finlandaise su\u00e9doise, voyages s\u00e9jours safari motoneige 2025 2026 tout compris voyage Laponie Explorer\",\"breadcrumb\":{\"@id\":\"https:\/\/www.voyage-laponie-explorer.org\/index.php\/voyage-laponie-safari-motoneige-2025-2026-tout-compris-voyage-laponie-explorer\/#breadcrumb\"},\"inLanguage\":\"fr-FR\",\"potentialAction\":[{\"@type\":\"ReadAction\",\"target\":[\"https:\/\/www.voyage-laponie-explorer.org\/index.php\/voyage-laponie-safari-motoneige-2025-2026-tout-compris-voyage-laponie-explorer\/\"]}]},{\"@type\":\"ImageObject\",\"inLanguage\":\"fr-FR\",\"@id\":\"https:\/\/www.voyage-laponie-explorer.org\/index.php\/voyage-laponie-safari-motoneige-2025-2026-tout-compris-voyage-laponie-explorer\/#primaryimage\",\"url\":\"https:\/\/www.voyage-laponie-explorer.org\/wp-content\/uploads\/2024\/05\/voyage-laponie-safari-motoneige-2025-2026-tout-compris-voyage-laponie-explorer.jpg\",\"contentUrl\":\"https:\/\/www.voyage-laponie-explorer.org\/wp-content\/uploads\/2024\/05\/voyage-laponie-safari-motoneige-2025-2026-tout-compris-voyage-laponie-explorer.jpg\",\"width\":1200,\"height\":675,\"caption\":\"voyage Laponie safari motoneige 2025 2026 tout compris voyage Laponie Explorer\"},{\"@type\":\"BreadcrumbList\",\"@id\":\"https:\/\/www.voyage-laponie-explorer.org\/index.php\/voyage-laponie-safari-motoneige-2025-2026-tout-compris-voyage-laponie-explorer\/#breadcrumb\",\"itemListElement\":[{\"@type\":\"ListItem\",\"position\":1,\"name\":\"Accueil\",\"item\":\"https:\/\/www.voyage-laponie-explorer.org\/\"},{\"@type\":\"ListItem\",\"position\":2,\"name\":\"Voyage Laponie Safari Motoneige\"}]},{\"@type\":\"WebSite\",\"@id\":\"https:\/\/www.voyage-laponie-explorer.org\/#website\",\"url\":\"https:\/\/www.voyage-laponie-explorer.org\/\",\"name\":\"Laponie Explorer\",\"description\":\"Laponie finlandaise et su\u00e9doise\",\"potentialAction\":[{\"@type\":\"SearchAction\",\"target\":{\"@type\":\"EntryPoint\",\"urlTemplate\":\"https:\/\/www.voyage-laponie-explorer.org\/?s={search_term_string}\"},\"query-input\":\"required name=search_term_string\"}],\"inLanguage\":\"fr-FR\"}]}<\/script>\n<!-- \/ Yoast SEO plugin. -->","yoast_head_json":{"title":"voyage Laponie safari motoneige 2025 2026 tout compris voyage Laponie Explorer","description":"voyage Laponie safari motoneige 2025 2026 tout compris voyage Laponie Explorer, Laponie Finlande, Laponie finlandaise su\u00e9doise, voyages s\u00e9jours safari motoneige 2025 2026 tout compris voyage Laponie Explorer","robots":{"index":"index","follow":"follow","max-snippet":"max-snippet:-1","max-image-preview":"max-image-preview:large","max-video-preview":"max-video-preview:-1"},"canonical":"https:\/\/www.voyage-laponie-explorer.org\/index.php\/voyage-laponie-safari-motoneige-2025-2026-tout-compris-voyage-laponie-explorer\/","og_locale":"fr_FR","og_type":"article","og_title":"voyage Laponie safari motoneige 2025 2026 tout compris voyage Laponie Explorer","og_description":"voyage Laponie safari motoneige 2025 2026 tout compris voyage Laponie Explorer, Laponie Finlande, Laponie finlandaise su\u00e9doise, voyages s\u00e9jours safari motoneige 2025 2026 tout compris voyage Laponie Explorer","og_url":"https:\/\/www.voyage-laponie-explorer.org\/index.php\/voyage-laponie-safari-motoneige-2025-2026-tout-compris-voyage-laponie-explorer\/","og_site_name":"Laponie Explorer","article_modified_time":"2024-07-06T06:50:57+00:00","og_image":[{"url":"https:\/\/www.voyage-laponie-explorer.org\/wp-content\/uploads\/2024\/05\/voyage-laponie-safari-motoneige-2025-2026-tout-compris-voyage-laponie-explorer-1024x576.jpg"}],"twitter_card":"summary_large_image","twitter_misc":{"Dur\u00e9e de lecture estim\u00e9e":"4 minutes"},"schema":{"@context":"https:\/\/schema.org","@graph":[{"@type":"WebPage","@id":"https:\/\/www.voyage-laponie-explorer.org\/index.php\/voyage-laponie-safari-motoneige-2025-2026-tout-compris-voyage-laponie-explorer\/","url":"https:\/\/www.voyage-laponie-explorer.org\/index.php\/voyage-laponie-safari-motoneige-2025-2026-tout-compris-voyage-laponie-explorer\/","name":"voyage Laponie safari motoneige 2025 2026 tout compris voyage Laponie Explorer","isPartOf":{"@id":"https:\/\/www.voyage-laponie-explorer.org\/#website"},"primaryImageOfPage":{"@id":"https:\/\/www.voyage-laponie-explorer.org\/index.php\/voyage-laponie-safari-motoneige-2025-2026-tout-compris-voyage-laponie-explorer\/#primaryimage"},"image":{"@id":"https:\/\/www.voyage-laponie-explorer.org\/index.php\/voyage-laponie-safari-motoneige-2025-2026-tout-compris-voyage-laponie-explorer\/#primaryimage"},"thumbnailUrl":"https:\/\/www.voyage-laponie-explorer.org\/wp-content\/uploads\/2024\/05\/voyage-laponie-safari-motoneige-2025-2026-tout-compris-voyage-laponie-explorer-1024x576.jpg","datePublished":"2024-05-04T17:11:30+00:00","dateModified":"2024-07-06T06:50:57+00:00","description":"voyage Laponie safari motoneige 2025 2026 tout compris voyage Laponie Explorer, Laponie Finlande, Laponie finlandaise su\u00e9doise, voyages s\u00e9jours safari motoneige 2025 2026 tout compris voyage Laponie Explorer","breadcrumb":{"@id":"https:\/\/www.voyage-laponie-explorer.org\/index.php\/voyage-laponie-safari-motoneige-2025-2026-tout-compris-voyage-laponie-explorer\/#breadcrumb"},"inLanguage":"fr-FR","potentialAction":[{"@type":"ReadAction","target":["https:\/\/www.voyage-laponie-explorer.org\/index.php\/voyage-laponie-safari-motoneige-2025-2026-tout-compris-voyage-laponie-explorer\/"]}]},{"@type":"ImageObject","inLanguage":"fr-FR","@id":"https:\/\/www.voyage-laponie-explorer.org\/index.php\/voyage-laponie-safari-motoneige-2025-2026-tout-compris-voyage-laponie-explorer\/#primaryimage","url":"https:\/\/www.voyage-laponie-explorer.org\/wp-content\/uploads\/2024\/05\/voyage-laponie-safari-motoneige-2025-2026-tout-compris-voyage-laponie-explorer.jpg","contentUrl":"https:\/\/www.voyage-laponie-explorer.org\/wp-content\/uploads\/2024\/05\/voyage-laponie-safari-motoneige-2025-2026-tout-compris-voyage-laponie-explorer.jpg","width":1200,"height":675,"caption":"voyage Laponie safari motoneige 2025 2026 tout compris voyage Laponie Explorer"},{"@type":"BreadcrumbList","@id":"https:\/\/www.voyage-laponie-explorer.org\/index.php\/voyage-laponie-safari-motoneige-2025-2026-tout-compris-voyage-laponie-explorer\/#breadcrumb","itemListElement":[{"@type":"ListItem","position":1,"name":"Accueil","item":"https:\/\/www.voyage-laponie-explorer.org\/"},{"@type":"ListItem","position":2,"name":"Voyage Laponie Safari Motoneige"}]},{"@type":"WebSite","@id":"https:\/\/www.voyage-laponie-explorer.org\/#website","url":"https:\/\/www.voyage-laponie-explorer.org\/","name":"Laponie Explorer","description":"Laponie finlandaise et su\u00e9doise","potentialAction":[{"@type":"SearchAction","target":{"@type":"EntryPoint","urlTemplate":"https:\/\/www.voyage-laponie-explorer.org\/?s={search_term_string}"},"query-input":"required name=search_term_string"}],"inLanguage":"fr-FR"}]}},"_links":{"self":[{"href":"https:\/\/www.voyage-laponie-explorer.org\/index.php\/wp-json\/wp\/v2\/pages\/29","targetHints":{"allow":["GET"]}}],"collection":[{"href":"https:\/\/www.voyage-laponie-explorer.org\/index.php\/wp-json\/wp\/v2\/pages"}],"about":[{"href":"https:\/\/www.voyage-laponie-explorer.org\/index.php\/wp-json\/wp\/v2\/types\/page"}],"author":[{"embeddable":true,"href":"https:\/\/www.voyage-laponie-explorer.org\/index.php\/wp-json\/wp\/v2\/users\/1"}],"replies":[{"embeddable":true,"href":"https:\/\/www.voyage-laponie-explorer.org\/index.php\/wp-json\/wp\/v2\/comments?post=29"}],"version-history":[{"count":3,"href":"https:\/\/www.voyage-laponie-explorer.org\/index.php\/wp-json\/wp\/v2\/pages\/29\/revisions"}],"predecessor-version":[{"id":104,"href":"https:\/\/www.voyage-laponie-explorer.org\/index.php\/wp-json\/wp\/v2\/pages\/29\/revisions\/104"}],"wp:attachment":[{"href":"https:\/\/www.voyage-laponie-explorer.org\/index.php\/wp-json\/wp\/v2\/media?parent=29"}],"curies":[{"name":"wp","href":"https:\/\/api.w.org\/{rel}","templated":true}]}}