{"id":58,"date":"2024-05-12T17:43:25","date_gmt":"2024-05-12T15:43:25","guid":{"rendered":"https:\/\/www.voyage-laponie-explorer.org\/?page_id=58"},"modified":"2024-05-12T17:47:01","modified_gmt":"2024-05-12T15:47:01","slug":"demande-de-devis-voyage-laponie-finlande-suede-voyages-sejours-avec-laponie-explorer","status":"publish","type":"page","link":"https:\/\/www.voyage-laponie-explorer.org\/index.php\/demande-de-devis-voyage-laponie-finlande-suede-voyages-sejours-avec-laponie-explorer\/","title":{"rendered":"Demande de Devis"},"content":{"rendered":"\n<div class=\"wpcf7 no-js\" id=\"wpcf7-f57-o1\" lang=\"fr-FR\" dir=\"ltr\">\n<div class=\"screen-reader-response\"><p role=\"status\" aria-live=\"polite\" aria-atomic=\"true\"><\/p> <ul><\/ul><\/div>\n<form action=\"\/index.php\/wp-json\/wp\/v2\/pages\/58#wpcf7-f57-o1\" method=\"post\" class=\"wpcf7-form init\" aria-label=\"Formulaire de contact\" novalidate=\"novalidate\" data-status=\"init\">\n<div style=\"display: none;\">\n<input type=\"hidden\" name=\"_wpcf7\" value=\"57\" \/>\n<input type=\"hidden\" name=\"_wpcf7_version\" value=\"5.9.4\" \/>\n<input type=\"hidden\" name=\"_wpcf7_locale\" value=\"fr_FR\" \/>\n<input type=\"hidden\" name=\"_wpcf7_unit_tag\" value=\"wpcf7-f57-o1\" \/>\n<input type=\"hidden\" name=\"_wpcf7_container_post\" value=\"0\" \/>\n<input type=\"hidden\" name=\"_wpcf7_posted_data_hash\" value=\"\" \/>\n<\/div>\n<p><label> Dates souhait\u00e9es (obligatoire)<br \/>\n<span class=\"wpcf7-form-control-wrap\" data-name=\"text-001\"><input size=\"40\" class=\"wpcf7-form-control wpcf7-text wpcf7-validates-as-required\" aria-required=\"true\" aria-invalid=\"false\" value=\"\" type=\"text\" name=\"text-001\" \/><\/span> <\/label>\n<\/p>\n<p><label> Nombre d'adultes (obligatoire)<br \/>\n<span class=\"wpcf7-form-control-wrap\" data-name=\"text-002\"><input size=\"40\" class=\"wpcf7-form-control wpcf7-text wpcf7-validates-as-required\" aria-required=\"true\" aria-invalid=\"false\" value=\"\" type=\"text\" name=\"text-002\" \/><\/span> <\/label>\n<\/p>\n<p><label> Nombre d'enfants et ages (obligatoire)<br \/>\n<span class=\"wpcf7-form-control-wrap\" data-name=\"text-003\"><input size=\"40\" class=\"wpcf7-form-control wpcf7-text wpcf7-validates-as-required\" aria-required=\"true\" aria-invalid=\"false\" value=\"\" type=\"text\" name=\"text-003\" \/><\/span> <\/label>\n<\/p>\n<p><label> Votre message<br \/>\n<span class=\"wpcf7-form-control-wrap\" data-name=\"your-message\"><textarea cols=\"40\" rows=\"10\" class=\"wpcf7-form-control wpcf7-textarea\" aria-invalid=\"false\" name=\"your-message\"><\/textarea><\/span> <\/label>\n<\/p>\n<p><label> Votre Pr\u00e9nom (obligatoire)<br \/>\n<span class=\"wpcf7-form-control-wrap\" data-name=\"text-004\"><input size=\"40\" class=\"wpcf7-form-control wpcf7-text wpcf7-validates-as-required\" aria-required=\"true\" aria-invalid=\"false\" value=\"\" type=\"text\" name=\"text-004\" \/><\/span> <\/label>\n<\/p>\n<p><label> Votre Nom (obligatoire)<br \/>\n<span class=\"wpcf7-form-control-wrap\" data-name=\"your-name\"><input size=\"40\" class=\"wpcf7-form-control wpcf7-text wpcf7-validates-as-required\" aria-required=\"true\" aria-invalid=\"false\" value=\"\" type=\"text\" name=\"your-name\" \/><\/span> <\/label>\n<\/p>\n<p><label> Votre t\u00e9l\u00e9phone (obligatoire)<br \/>\n<span class=\"wpcf7-form-control-wrap\" data-name=\"tel-001\"><input size=\"40\" class=\"wpcf7-form-control wpcf7-tel wpcf7-text wpcf7-validates-as-tel\" aria-invalid=\"false\" value=\"\" type=\"tel\" name=\"tel-001\" \/><\/span> <\/label>\n<\/p>\n<p><label> Votre email (obligatoire)<br \/>\n<span class=\"wpcf7-form-control-wrap\" data-name=\"your-email\"><input size=\"40\" class=\"wpcf7-form-control wpcf7-email wpcf7-validates-as-required wpcf7-text wpcf7-validates-as-email\" aria-required=\"true\" aria-invalid=\"false\" value=\"\" type=\"email\" name=\"your-email\" \/><\/span> <\/label>\n<\/p>\n<p><label> Votre code postal et ville (obligatoire)<br \/>\n<span class=\"wpcf7-form-control-wrap\" data-name=\"text-005\"><input size=\"40\" class=\"wpcf7-form-control wpcf7-text wpcf7-validates-as-required\" aria-required=\"true\" aria-invalid=\"false\" value=\"\" type=\"text\" name=\"text-005\" \/><\/span> <\/label>\n<\/p>\n<p><input class=\"wpcf7-form-control wpcf7-submit has-spinner\" type=\"submit\" value=\"Envoyer\" \/>\n<\/p><div class=\"wpcf7-response-output\" aria-hidden=\"true\"><\/div>\n<\/form>\n<\/div>\n\n","protected":false},"excerpt":{"rendered":"","protected":false},"author":1,"featured_media":0,"parent":0,"menu_order":0,"comment_status":"closed","ping_status":"closed","template":"","meta":{"_kad_post_transparent":"","_kad_post_title":"","_kad_post_layout":"","_kad_post_sidebar_id":"","_kad_post_content_style":"","_kad_post_vertical_padding":"","_kad_post_feature":"","_kad_post_feature_position":"","_kad_post_header":false,"_kad_post_footer":false,"footnotes":""},"class_list":["post-58","page","type-page","status-publish","hentry"],"yoast_head":"<!-- This site is optimized with the Yoast SEO plugin v22.6 - https:\/\/yoast.com\/wordpress\/plugins\/seo\/ -->\n<title>Demande de Devis voyage Laponie Finlande Su\u00e8de voyages s\u00e9jours Laponie Explorer<\/title>\n<meta name=\"description\" content=\"Demande de Devis voyage Laponie Finlande Su\u00e8de voyages s\u00e9jours Laponie Explorer, voyages s\u00e9jours Laponie Finlande Su\u00e8de tout compris\" \/>\n<meta name=\"robots\" content=\"index, follow, max-snippet:-1, max-image-preview:large, max-video-preview:-1\" \/>\n<link rel=\"canonical\" href=\"https:\/\/www.voyage-laponie-explorer.org\/index.php\/demande-de-devis-voyage-laponie-finlande-suede-voyages-sejours-avec-laponie-explorer\/\" \/>\n<meta property=\"og:locale\" content=\"fr_FR\" \/>\n<meta property=\"og:type\" content=\"article\" \/>\n<meta property=\"og:title\" content=\"Demande de Devis voyage Laponie Finlande Su\u00e8de voyages s\u00e9jours Laponie Explorer\" \/>\n<meta property=\"og:description\" content=\"Demande de Devis voyage Laponie Finlande Su\u00e8de voyages s\u00e9jours Laponie Explorer, voyages s\u00e9jours Laponie Finlande Su\u00e8de tout compris\" \/>\n<meta property=\"og:url\" content=\"https:\/\/www.voyage-laponie-explorer.org\/index.php\/demande-de-devis-voyage-laponie-finlande-suede-voyages-sejours-avec-laponie-explorer\/\" \/>\n<meta property=\"og:site_name\" content=\"Laponie Explorer\" \/>\n<meta property=\"article:modified_time\" content=\"2024-05-12T15:47:01+00:00\" \/>\n<meta name=\"twitter:card\" content=\"summary_large_image\" \/>\n<meta name=\"twitter:label1\" content=\"Dur\u00e9e de lecture estim\u00e9e\" \/>\n\t<meta name=\"twitter:data1\" content=\"1 minute\" \/>\n<script type=\"application\/ld+json\" class=\"yoast-schema-graph\">{\"@context\":\"https:\/\/schema.org\",\"@graph\":[{\"@type\":\"WebPage\",\"@id\":\"https:\/\/www.voyage-laponie-explorer.org\/index.php\/demande-de-devis-voyage-laponie-finlande-suede-voyages-sejours-avec-laponie-explorer\/\",\"url\":\"https:\/\/www.voyage-laponie-explorer.org\/index.php\/demande-de-devis-voyage-laponie-finlande-suede-voyages-sejours-avec-laponie-explorer\/\",\"name\":\"Demande de Devis voyage Laponie Finlande Su\u00e8de voyages s\u00e9jours Laponie Explorer\",\"isPartOf\":{\"@id\":\"https:\/\/www.voyage-laponie-explorer.org\/#website\"},\"datePublished\":\"2024-05-12T15:43:25+00:00\",\"dateModified\":\"2024-05-12T15:47:01+00:00\",\"description\":\"Demande de Devis voyage Laponie Finlande Su\u00e8de voyages s\u00e9jours Laponie Explorer, voyages s\u00e9jours Laponie Finlande Su\u00e8de tout compris\",\"breadcrumb\":{\"@id\":\"https:\/\/www.voyage-laponie-explorer.org\/index.php\/demande-de-devis-voyage-laponie-finlande-suede-voyages-sejours-avec-laponie-explorer\/#breadcrumb\"},\"inLanguage\":\"fr-FR\",\"potentialAction\":[{\"@type\":\"ReadAction\",\"target\":[\"https:\/\/www.voyage-laponie-explorer.org\/index.php\/demande-de-devis-voyage-laponie-finlande-suede-voyages-sejours-avec-laponie-explorer\/\"]}]},{\"@type\":\"BreadcrumbList\",\"@id\":\"https:\/\/www.voyage-laponie-explorer.org\/index.php\/demande-de-devis-voyage-laponie-finlande-suede-voyages-sejours-avec-laponie-explorer\/#breadcrumb\",\"itemListElement\":[{\"@type\":\"ListItem\",\"position\":1,\"name\":\"Accueil\",\"item\":\"https:\/\/www.voyage-laponie-explorer.org\/\"},{\"@type\":\"ListItem\",\"position\":2,\"name\":\"Demande de Devis\"}]},{\"@type\":\"WebSite\",\"@id\":\"https:\/\/www.voyage-laponie-explorer.org\/#website\",\"url\":\"https:\/\/www.voyage-laponie-explorer.org\/\",\"name\":\"Laponie Explorer\",\"description\":\"Laponie finlandaise et su\u00e9doise\",\"potentialAction\":[{\"@type\":\"SearchAction\",\"target\":{\"@type\":\"EntryPoint\",\"urlTemplate\":\"https:\/\/www.voyage-laponie-explorer.org\/?s={search_term_string}\"},\"query-input\":\"required name=search_term_string\"}],\"inLanguage\":\"fr-FR\"}]}<\/script>\n<!-- \/ Yoast SEO plugin. -->","yoast_head_json":{"title":"Demande de Devis voyage Laponie Finlande Su\u00e8de voyages s\u00e9jours Laponie Explorer","description":"Demande de Devis voyage Laponie Finlande Su\u00e8de voyages s\u00e9jours Laponie Explorer, voyages s\u00e9jours Laponie Finlande Su\u00e8de tout compris","robots":{"index":"index","follow":"follow","max-snippet":"max-snippet:-1","max-image-preview":"max-image-preview:large","max-video-preview":"max-video-preview:-1"},"canonical":"https:\/\/www.voyage-laponie-explorer.org\/index.php\/demande-de-devis-voyage-laponie-finlande-suede-voyages-sejours-avec-laponie-explorer\/","og_locale":"fr_FR","og_type":"article","og_title":"Demande de Devis voyage Laponie Finlande Su\u00e8de voyages s\u00e9jours Laponie Explorer","og_description":"Demande de Devis voyage Laponie Finlande Su\u00e8de voyages s\u00e9jours Laponie Explorer, voyages s\u00e9jours Laponie Finlande Su\u00e8de tout compris","og_url":"https:\/\/www.voyage-laponie-explorer.org\/index.php\/demande-de-devis-voyage-laponie-finlande-suede-voyages-sejours-avec-laponie-explorer\/","og_site_name":"Laponie Explorer","article_modified_time":"2024-05-12T15:47:01+00:00","twitter_card":"summary_large_image","twitter_misc":{"Dur\u00e9e de lecture estim\u00e9e":"1 minute"},"schema":{"@context":"https:\/\/schema.org","@graph":[{"@type":"WebPage","@id":"https:\/\/www.voyage-laponie-explorer.org\/index.php\/demande-de-devis-voyage-laponie-finlande-suede-voyages-sejours-avec-laponie-explorer\/","url":"https:\/\/www.voyage-laponie-explorer.org\/index.php\/demande-de-devis-voyage-laponie-finlande-suede-voyages-sejours-avec-laponie-explorer\/","name":"Demande de Devis voyage Laponie Finlande Su\u00e8de voyages s\u00e9jours Laponie Explorer","isPartOf":{"@id":"https:\/\/www.voyage-laponie-explorer.org\/#website"},"datePublished":"2024-05-12T15:43:25+00:00","dateModified":"2024-05-12T15:47:01+00:00","description":"Demande de Devis voyage Laponie Finlande Su\u00e8de voyages s\u00e9jours Laponie Explorer, voyages s\u00e9jours Laponie Finlande Su\u00e8de tout compris","breadcrumb":{"@id":"https:\/\/www.voyage-laponie-explorer.org\/index.php\/demande-de-devis-voyage-laponie-finlande-suede-voyages-sejours-avec-laponie-explorer\/#breadcrumb"},"inLanguage":"fr-FR","potentialAction":[{"@type":"ReadAction","target":["https:\/\/www.voyage-laponie-explorer.org\/index.php\/demande-de-devis-voyage-laponie-finlande-suede-voyages-sejours-avec-laponie-explorer\/"]}]},{"@type":"BreadcrumbList","@id":"https:\/\/www.voyage-laponie-explorer.org\/index.php\/demande-de-devis-voyage-laponie-finlande-suede-voyages-sejours-avec-laponie-explorer\/#breadcrumb","itemListElement":[{"@type":"ListItem","position":1,"name":"Accueil","item":"https:\/\/www.voyage-laponie-explorer.org\/"},{"@type":"ListItem","position":2,"name":"Demande de Devis"}]},{"@type":"WebSite","@id":"https:\/\/www.voyage-laponie-explorer.org\/#website","url":"https:\/\/www.voyage-laponie-explorer.org\/","name":"Laponie Explorer","description":"Laponie finlandaise et su\u00e9doise","potentialAction":[{"@type":"SearchAction","target":{"@type":"EntryPoint","urlTemplate":"https:\/\/www.voyage-laponie-explorer.org\/?s={search_term_string}"},"query-input":"required name=search_term_string"}],"inLanguage":"fr-FR"}]}},"_links":{"self":[{"href":"https:\/\/www.voyage-laponie-explorer.org\/index.php\/wp-json\/wp\/v2\/pages\/58","targetHints":{"allow":["GET"]}}],"collection":[{"href":"https:\/\/www.voyage-laponie-explorer.org\/index.php\/wp-json\/wp\/v2\/pages"}],"about":[{"href":"https:\/\/www.voyage-laponie-explorer.org\/index.php\/wp-json\/wp\/v2\/types\/page"}],"author":[{"embeddable":true,"href":"https:\/\/www.voyage-laponie-explorer.org\/index.php\/wp-json\/wp\/v2\/users\/1"}],"replies":[{"embeddable":true,"href":"https:\/\/www.voyage-laponie-explorer.org\/index.php\/wp-json\/wp\/v2\/comments?post=58"}],"version-history":[{"count":1,"href":"https:\/\/www.voyage-laponie-explorer.org\/index.php\/wp-json\/wp\/v2\/pages\/58\/revisions"}],"predecessor-version":[{"id":59,"href":"https:\/\/www.voyage-laponie-explorer.org\/index.php\/wp-json\/wp\/v2\/pages\/58\/revisions\/59"}],"wp:attachment":[{"href":"https:\/\/www.voyage-laponie-explorer.org\/index.php\/wp-json\/wp\/v2\/media?parent=58"}],"curies":[{"name":"wp","href":"https:\/\/api.w.org\/{rel}","templated":true}]}}