{"id":7,"date":"2024-05-03T18:11:50","date_gmt":"2024-05-03T16:11:50","guid":{"rendered":"https:\/\/voyage-laponie-explorer.org\/?page_id=7"},"modified":"2024-07-06T11:33:41","modified_gmt":"2024-07-06T09:33:41","slug":"voyages-laponie-finlande-suede-norvege-islande-2025-2026-tout-compris","status":"publish","type":"page","link":"https:\/\/www.voyage-laponie-explorer.org\/","title":{"rendered":"Bienvenue en Laponie avec Laponie Explorer !"},"content":{"rendered":"\n<figure class=\"wp-block-image size-full\"><img loading=\"lazy\" decoding=\"async\" width=\"900\" height=\"900\" src=\"https:\/\/voyage-laponie-explorer.org\/wp-content\/uploads\/2024\/05\/voyage-laponie-aurores-boreales-2025-2026-tout-compris-voyage-laponie-explorer.jpg\" alt=\"\" class=\"wp-image-13\" srcset=\"https:\/\/www.voyage-laponie-explorer.org\/wp-content\/uploads\/2024\/05\/voyage-laponie-aurores-boreales-2025-2026-tout-compris-voyage-laponie-explorer.jpg 900w, https:\/\/www.voyage-laponie-explorer.org\/wp-content\/uploads\/2024\/05\/voyage-laponie-aurores-boreales-2025-2026-tout-compris-voyage-laponie-explorer-300x300.jpg 300w, https:\/\/www.voyage-laponie-explorer.org\/wp-content\/uploads\/2024\/05\/voyage-laponie-aurores-boreales-2025-2026-tout-compris-voyage-laponie-explorer-150x150.jpg 150w, https:\/\/www.voyage-laponie-explorer.org\/wp-content\/uploads\/2024\/05\/voyage-laponie-aurores-boreales-2025-2026-tout-compris-voyage-laponie-explorer-768x768.jpg 768w\" sizes=\"auto, (max-width: 900px) 100vw, 900px\" \/><figcaption class=\"wp-element-caption\">voyage Laponie aurores bor\u00e9ales 2025 2026 tout compris Voyage Laponie Explorer<\/figcaption><\/figure>\n\n\n\n<figure class=\"wp-block-image size-full\"><img loading=\"lazy\" decoding=\"async\" width=\"900\" height=\"900\" src=\"http:\/\/www.voyage-laponie-explorer.org\/wp-content\/uploads\/2024\/05\/voyages-sejours-laponie-safari-motoneige-2025-2026-tout-compris-finlande-suede-voyage-laponie-explorer.jpg\" alt=\"voyages s\u00e9jours Laponie safari motoneige 2025 2026 tout compris Finlande Su\u00e8de voyage Laponie Explorer\" class=\"wp-image-32\" srcset=\"https:\/\/www.voyage-laponie-explorer.org\/wp-content\/uploads\/2024\/05\/voyages-sejours-laponie-safari-motoneige-2025-2026-tout-compris-finlande-suede-voyage-laponie-explorer.jpg 900w, https:\/\/www.voyage-laponie-explorer.org\/wp-content\/uploads\/2024\/05\/voyages-sejours-laponie-safari-motoneige-2025-2026-tout-compris-finlande-suede-voyage-laponie-explorer-300x300.jpg 300w, https:\/\/www.voyage-laponie-explorer.org\/wp-content\/uploads\/2024\/05\/voyages-sejours-laponie-safari-motoneige-2025-2026-tout-compris-finlande-suede-voyage-laponie-explorer-150x150.jpg 150w, https:\/\/www.voyage-laponie-explorer.org\/wp-content\/uploads\/2024\/05\/voyages-sejours-laponie-safari-motoneige-2025-2026-tout-compris-finlande-suede-voyage-laponie-explorer-768x768.jpg 768w\" sizes=\"auto, (max-width: 900px) 100vw, 900px\" \/><figcaption class=\"wp-element-caption\">voyages s\u00e9jours Laponie safari motoneige 2025 2026 tout compris Finlande Su\u00e8de voyage Laponie Explorer<\/figcaption><\/figure>\n\n\n\n<p>La Laponie est la destination magique pour les explorers et amateurs de nature !<br>Si la Laponie fascine autant les voyageurs, c\u2019est parce qu\u2019elle est exceptionnelle. <br>En hiver, la neige recouvre les villes et les campagnes et les aurores bor\u00e9ales illuminent le ciel. Lors d&rsquo;un voyage en Laponie, le d\u00e9paysement est garanti, quelle que soit la saison ! Entre les randonn\u00e9es, les escapades en cano\u00eb et les s\u00e9ances d\u2019observation animali\u00e8re, vous passerez un s\u00e9jour de r\u00eave au bord de la mer Baltique ou \u00e0 l\u2019int\u00e9rieur des terres.<br>Selon la saison et le lieu o\u00f9 vous irez, les paysages ne seront pas les m\u00eames. Lors d\u2019un s\u00e9jour pendant la belle saison, vous profiterez des nombreux lacs et for\u00eats de la Laponie alors qu\u2019en hiver, vous aurez plut\u00f4t la possibilit\u00e9 de r\u00e9aliser des promenades dans des espaces recouverts de neige. Mais o\u00f9 que vous alliez, l\u2019environnement sera pr\u00e9serv\u00e9. C\u2019est ce qui caract\u00e9rise la Laponie des autres pays nordiques. <br>La nature est partout et vous offre un voyage calme, paisible et agr\u00e9able. Les su\u00e9dois et les finlandais sont aussi tr\u00e8s accueillants, les village set villes poss\u00e8dent de nombreux lieux culturels et touristiques qui peuvent \u00eatre visit\u00e9s en famille.<br>Quelles activit\u00e9s peut-on pratiquer en Laponie ?<br>Si vous partez en voyage en Laponie, vous \u00eates s\u00fbr de ne pas vous ennuyer ! Les activit\u00e9s au c\u0153ur de la nature sont nombreuses puisque vous pouvez effectuer des randonn\u00e9es \u00e0 pied ou en raquettes, faire du ski, du cano\u00eb, p\u00eacher, partir sur la piste des trappeurs mais aussi, vous immerger en Laponie. Et si vous avez vraiment envie de vivre un s\u00e9jour exceptionnel et inoubliable, laissez vous tenter par un safari ou raid en chiens de tra\u00eeneau ou en motoneige. Et le soir, si le ciel est d\u00e9gag\u00e9, vous aurez peut-\u00eatre la chance d&rsquo;admirer des aurores bor\u00e9ales. Ce ph\u00e9nom\u00e8ne naturel est magnifique et ravira les petits et les grands !<br><br>D\u00e9couvrez toutes nos possibilit\u00e9s d&rsquo;activit\u00e9s :<br>&#8211; Voyages Aurores Bor\u00e9ales en Laponie<br>&#8211; Voyages Multi-Activit\u00e9s en Laponie<br>&#8211; Safari ou Raid en Chiens de Tra\u00eeneau en Laponie<br>&#8211; Safari ou Raid en Motoneige en Laponie<br><br>D\u00e9couvrez nos autres voyages en Laponie, Finlande, Su\u00e8de, Norv\u00e8ge et Islande :<br>\u2013\u00a0<a href=\"http:\/\/www.voyage-laponie-explorer.org\/index.php\/voyage-laponie-finlande-suede-multi-activites-2025-2026-tout-compris-hotel-chalet-prive-laponie-explorer\/\">Voyages Laponie Multi-Activit\u00e9s<\/a><br>\u2013\u00a0<a href=\"http:\/\/www.voyage-laponie-explorer.org\/index.php\/voyages-sejours-laponie-finlande-suede-multi-activites-2025-2026-tout-compris-laponie-explorer\/\">Voyages Laponie Multi-Activit\u00e9s niveau Explorer<\/a><br>\u2013\u00a0<a href=\"https:\/\/www.voyage-laponie-explorer.org\/index.php\/voyage-laponie-safari-motoneige-2025-2026-tout-compris-voyage-laponie-explorer\/\">Voyages Laponie Safari Motoneige<\/a><br>\u2013\u00a0<a href=\"https:\/\/www.voyage-laponie-explorer.org\/index.php\/voyage-laponie-raid-motoneige-2025-2026-tout-compris-voyages-sejours-finlande-suede-laponie-explorer\/\">Voyage Laponie Raid Motoneige<\/a><\/p>\n\n\n\n<p>Pr\u00e9parer et organiser votre prochain voyage en Laponie avec nous <strong>Laponie Explorer<\/strong> <br>Contactez nous ! <\/p>\n\n\n\n<p><\/p>\n","protected":false},"excerpt":{"rendered":"<p>La Laponie est la destination magique pour les explorers et amateurs de nature !Si la Laponie fascine autant les voyageurs, c\u2019est parce qu\u2019elle est exceptionnelle. En hiver, la neige recouvre les villes et les campagnes et les aurores bor\u00e9ales illuminent le ciel. Lors d&rsquo;un voyage en Laponie, le d\u00e9paysement est garanti, quelle que soit la&#8230;<\/p>\n","protected":false},"author":1,"featured_media":0,"parent":0,"menu_order":0,"comment_status":"closed","ping_status":"closed","template":"","meta":{"_kad_post_transparent":"","_kad_post_title":"","_kad_post_layout":"","_kad_post_sidebar_id":"","_kad_post_content_style":"","_kad_post_vertical_padding":"","_kad_post_feature":"","_kad_post_feature_position":"","_kad_post_header":false,"_kad_post_footer":false,"footnotes":""},"class_list":["post-7","page","type-page","status-publish","hentry"],"yoast_head":"<!-- This site is optimized with the Yoast SEO plugin v22.6 - https:\/\/yoast.com\/wordpress\/plugins\/seo\/ -->\n<title>Voyages Laponie, Finlande, Su\u00e8de, Norv\u00e8ge, Islande 2025 Tout Compris<\/title>\n<meta name=\"description\" content=\"Voyages en Laponie, Finlande, Su\u00e8de, Norv\u00e8ge et Islande 2025 2026 Tout Compris, voyages s\u00e9jours en Laponie finlandaise, Laponie su\u00e9doise, Laponie norv\u00e9gienne, Laponie Islandaise, 2025 2026 safari ou raid en chiens de tra\u00eeneau, safari ou raid motoneige, Voyage Laponie Explorer\" \/>\n<meta name=\"robots\" content=\"index, follow, max-snippet:-1, max-image-preview:large, max-video-preview:-1\" \/>\n<link rel=\"canonical\" href=\"https:\/\/www.voyage-laponie-explorer.org\/\" \/>\n<meta property=\"og:locale\" content=\"fr_FR\" \/>\n<meta property=\"og:type\" content=\"article\" \/>\n<meta property=\"og:title\" content=\"Voyages Laponie, Finlande, Su\u00e8de, Norv\u00e8ge, Islande 2025 Tout Compris\" \/>\n<meta property=\"og:description\" content=\"Voyages en Laponie, Finlande, Su\u00e8de, Norv\u00e8ge et Islande 2025 2026 Tout Compris, voyages s\u00e9jours en Laponie finlandaise, Laponie su\u00e9doise, Laponie norv\u00e9gienne, Laponie Islandaise, 2025 2026 safari ou raid en chiens de tra\u00eeneau, safari ou raid motoneige, Voyage Laponie Explorer\" \/>\n<meta property=\"og:url\" content=\"https:\/\/www.voyage-laponie-explorer.org\/\" \/>\n<meta property=\"og:site_name\" content=\"Laponie Explorer\" \/>\n<meta property=\"article:modified_time\" content=\"2024-07-06T09:33:41+00:00\" \/>\n<meta property=\"og:image\" content=\"https:\/\/voyage-laponie-explorer.org\/wp-content\/uploads\/2024\/05\/voyage-laponie-aurores-boreales-2025-2026-tout-compris-voyage-laponie-explorer.jpg\" \/>\n<meta name=\"twitter:card\" content=\"summary_large_image\" \/>\n<meta name=\"twitter:label1\" content=\"Dur\u00e9e de lecture estim\u00e9e\" \/>\n\t<meta name=\"twitter:data1\" content=\"3 minutes\" \/>\n<script type=\"application\/ld+json\" class=\"yoast-schema-graph\">{\"@context\":\"https:\/\/schema.org\",\"@graph\":[{\"@type\":\"WebPage\",\"@id\":\"https:\/\/www.voyage-laponie-explorer.org\/\",\"url\":\"https:\/\/www.voyage-laponie-explorer.org\/\",\"name\":\"Voyages Laponie, Finlande, Su\u00e8de, Norv\u00e8ge, Islande 2025 Tout Compris\",\"isPartOf\":{\"@id\":\"https:\/\/www.voyage-laponie-explorer.org\/#website\"},\"primaryImageOfPage\":{\"@id\":\"https:\/\/www.voyage-laponie-explorer.org\/#primaryimage\"},\"image\":{\"@id\":\"https:\/\/www.voyage-laponie-explorer.org\/#primaryimage\"},\"thumbnailUrl\":\"https:\/\/voyage-laponie-explorer.org\/wp-content\/uploads\/2024\/05\/voyage-laponie-aurores-boreales-2025-2026-tout-compris-voyage-laponie-explorer.jpg\",\"datePublished\":\"2024-05-03T16:11:50+00:00\",\"dateModified\":\"2024-07-06T09:33:41+00:00\",\"description\":\"Voyages en Laponie, Finlande, Su\u00e8de, Norv\u00e8ge et Islande 2025 2026 Tout Compris, voyages s\u00e9jours en Laponie finlandaise, Laponie su\u00e9doise, Laponie norv\u00e9gienne, Laponie Islandaise, 2025 2026 safari ou raid en chiens de tra\u00eeneau, safari ou raid motoneige, Voyage Laponie Explorer\",\"breadcrumb\":{\"@id\":\"https:\/\/www.voyage-laponie-explorer.org\/#breadcrumb\"},\"inLanguage\":\"fr-FR\",\"potentialAction\":[{\"@type\":\"ReadAction\",\"target\":[\"https:\/\/www.voyage-laponie-explorer.org\/\"]}]},{\"@type\":\"ImageObject\",\"inLanguage\":\"fr-FR\",\"@id\":\"https:\/\/www.voyage-laponie-explorer.org\/#primaryimage\",\"url\":\"https:\/\/voyage-laponie-explorer.org\/wp-content\/uploads\/2024\/05\/voyage-laponie-aurores-boreales-2025-2026-tout-compris-voyage-laponie-explorer.jpg\",\"contentUrl\":\"https:\/\/voyage-laponie-explorer.org\/wp-content\/uploads\/2024\/05\/voyage-laponie-aurores-boreales-2025-2026-tout-compris-voyage-laponie-explorer.jpg\"},{\"@type\":\"BreadcrumbList\",\"@id\":\"https:\/\/www.voyage-laponie-explorer.org\/#breadcrumb\",\"itemListElement\":[{\"@type\":\"ListItem\",\"position\":1,\"name\":\"Accueil\",\"item\":\"https:\/\/www.voyage-laponie-explorer.org\/\"},{\"@type\":\"ListItem\",\"position\":2,\"name\":\"Bienvenue en Laponie avec Laponie Explorer !\"}]},{\"@type\":\"WebSite\",\"@id\":\"https:\/\/www.voyage-laponie-explorer.org\/#website\",\"url\":\"https:\/\/www.voyage-laponie-explorer.org\/\",\"name\":\"Laponie Explorer\",\"description\":\"Laponie finlandaise et su\u00e9doise\",\"potentialAction\":[{\"@type\":\"SearchAction\",\"target\":{\"@type\":\"EntryPoint\",\"urlTemplate\":\"https:\/\/www.voyage-laponie-explorer.org\/?s={search_term_string}\"},\"query-input\":\"required name=search_term_string\"}],\"inLanguage\":\"fr-FR\"}]}<\/script>\n<!-- \/ Yoast SEO plugin. -->","yoast_head_json":{"title":"Voyages Laponie, Finlande, Su\u00e8de, Norv\u00e8ge, Islande 2025 Tout Compris","description":"Voyages en Laponie, Finlande, Su\u00e8de, Norv\u00e8ge et Islande 2025 2026 Tout Compris, voyages s\u00e9jours en Laponie finlandaise, Laponie su\u00e9doise, Laponie norv\u00e9gienne, Laponie Islandaise, 2025 2026 safari ou raid en chiens de tra\u00eeneau, safari ou raid motoneige, Voyage Laponie Explorer","robots":{"index":"index","follow":"follow","max-snippet":"max-snippet:-1","max-image-preview":"max-image-preview:large","max-video-preview":"max-video-preview:-1"},"canonical":"https:\/\/www.voyage-laponie-explorer.org\/","og_locale":"fr_FR","og_type":"article","og_title":"Voyages Laponie, Finlande, Su\u00e8de, Norv\u00e8ge, Islande 2025 Tout Compris","og_description":"Voyages en Laponie, Finlande, Su\u00e8de, Norv\u00e8ge et Islande 2025 2026 Tout Compris, voyages s\u00e9jours en Laponie finlandaise, Laponie su\u00e9doise, Laponie norv\u00e9gienne, Laponie Islandaise, 2025 2026 safari ou raid en chiens de tra\u00eeneau, safari ou raid motoneige, Voyage Laponie Explorer","og_url":"https:\/\/www.voyage-laponie-explorer.org\/","og_site_name":"Laponie Explorer","article_modified_time":"2024-07-06T09:33:41+00:00","og_image":[{"url":"https:\/\/voyage-laponie-explorer.org\/wp-content\/uploads\/2024\/05\/voyage-laponie-aurores-boreales-2025-2026-tout-compris-voyage-laponie-explorer.jpg"}],"twitter_card":"summary_large_image","twitter_misc":{"Dur\u00e9e de lecture estim\u00e9e":"3 minutes"},"schema":{"@context":"https:\/\/schema.org","@graph":[{"@type":"WebPage","@id":"https:\/\/www.voyage-laponie-explorer.org\/","url":"https:\/\/www.voyage-laponie-explorer.org\/","name":"Voyages Laponie, Finlande, Su\u00e8de, Norv\u00e8ge, Islande 2025 Tout Compris","isPartOf":{"@id":"https:\/\/www.voyage-laponie-explorer.org\/#website"},"primaryImageOfPage":{"@id":"https:\/\/www.voyage-laponie-explorer.org\/#primaryimage"},"image":{"@id":"https:\/\/www.voyage-laponie-explorer.org\/#primaryimage"},"thumbnailUrl":"https:\/\/voyage-laponie-explorer.org\/wp-content\/uploads\/2024\/05\/voyage-laponie-aurores-boreales-2025-2026-tout-compris-voyage-laponie-explorer.jpg","datePublished":"2024-05-03T16:11:50+00:00","dateModified":"2024-07-06T09:33:41+00:00","description":"Voyages en Laponie, Finlande, Su\u00e8de, Norv\u00e8ge et Islande 2025 2026 Tout Compris, voyages s\u00e9jours en Laponie finlandaise, Laponie su\u00e9doise, Laponie norv\u00e9gienne, Laponie Islandaise, 2025 2026 safari ou raid en chiens de tra\u00eeneau, safari ou raid motoneige, Voyage Laponie Explorer","breadcrumb":{"@id":"https:\/\/www.voyage-laponie-explorer.org\/#breadcrumb"},"inLanguage":"fr-FR","potentialAction":[{"@type":"ReadAction","target":["https:\/\/www.voyage-laponie-explorer.org\/"]}]},{"@type":"ImageObject","inLanguage":"fr-FR","@id":"https:\/\/www.voyage-laponie-explorer.org\/#primaryimage","url":"https:\/\/voyage-laponie-explorer.org\/wp-content\/uploads\/2024\/05\/voyage-laponie-aurores-boreales-2025-2026-tout-compris-voyage-laponie-explorer.jpg","contentUrl":"https:\/\/voyage-laponie-explorer.org\/wp-content\/uploads\/2024\/05\/voyage-laponie-aurores-boreales-2025-2026-tout-compris-voyage-laponie-explorer.jpg"},{"@type":"BreadcrumbList","@id":"https:\/\/www.voyage-laponie-explorer.org\/#breadcrumb","itemListElement":[{"@type":"ListItem","position":1,"name":"Accueil","item":"https:\/\/www.voyage-laponie-explorer.org\/"},{"@type":"ListItem","position":2,"name":"Bienvenue en Laponie avec Laponie Explorer !"}]},{"@type":"WebSite","@id":"https:\/\/www.voyage-laponie-explorer.org\/#website","url":"https:\/\/www.voyage-laponie-explorer.org\/","name":"Laponie Explorer","description":"Laponie finlandaise et su\u00e9doise","potentialAction":[{"@type":"SearchAction","target":{"@type":"EntryPoint","urlTemplate":"https:\/\/www.voyage-laponie-explorer.org\/?s={search_term_string}"},"query-input":"required name=search_term_string"}],"inLanguage":"fr-FR"}]}},"_links":{"self":[{"href":"https:\/\/www.voyage-laponie-explorer.org\/index.php\/wp-json\/wp\/v2\/pages\/7","targetHints":{"allow":["GET"]}}],"collection":[{"href":"https:\/\/www.voyage-laponie-explorer.org\/index.php\/wp-json\/wp\/v2\/pages"}],"about":[{"href":"https:\/\/www.voyage-laponie-explorer.org\/index.php\/wp-json\/wp\/v2\/types\/page"}],"author":[{"embeddable":true,"href":"https:\/\/www.voyage-laponie-explorer.org\/index.php\/wp-json\/wp\/v2\/users\/1"}],"replies":[{"embeddable":true,"href":"https:\/\/www.voyage-laponie-explorer.org\/index.php\/wp-json\/wp\/v2\/comments?post=7"}],"version-history":[{"count":12,"href":"https:\/\/www.voyage-laponie-explorer.org\/index.php\/wp-json\/wp\/v2\/pages\/7\/revisions"}],"predecessor-version":[{"id":111,"href":"https:\/\/www.voyage-laponie-explorer.org\/index.php\/wp-json\/wp\/v2\/pages\/7\/revisions\/111"}],"wp:attachment":[{"href":"https:\/\/www.voyage-laponie-explorer.org\/index.php\/wp-json\/wp\/v2\/media?parent=7"}],"curies":[{"name":"wp","href":"https:\/\/api.w.org\/{rel}","templated":true}]}}